{"id":208,"date":"2020-11-08T17:04:19","date_gmt":"2020-11-08T17:04:19","guid":{"rendered":"http:\/\/canningsgin.com\/?post_type=product&#038;p=208"},"modified":"2023-02-10T21:41:07","modified_gmt":"2023-02-10T21:41:07","slug":"cannings-gin-premium-bottle","status":"publish","type":"product","link":"https:\/\/canningsgin.com\/pt\/product\/cannings-gin-premium-bottle\/","title":{"rendered":"Cannings Gin Premium"},"content":{"rendered":"<p> Cannings Gin \u00e9 um Gin \u00fanico e exlusivo, feito na ilha da Madeira, no meio do oceano Atl\u00e2ntico, a receita do Canning\u2019s Gin inclui plantas e frutos da floresta end\u00e9mica Laurissilva (considerada em 1999 pela UNESCO como Patrim\u00f3nio da Humanidade). As notas de maracuj\u00e1 e outros frutos ex\u00f3ticos conferem um sabor \u00fanico.<\/span><\/p>\n<p><span style=\"color: #333333;\"><strong>Descri\u00e7\u00e3o de Produto:<\/strong> Garrafa de 70cl; Vidro transparente; Rolha de corti\u00e7a natural; Peso: 1,5 Kg<\/span><\/p>\n<p><span style=\"color: #333333;\"><strong>Prova:<\/strong> <i>\u201cNotas de pinho, o tradicional zimbro, ligeiramente terroso e com um bom grau de profundidade. A sua complexidade leva at\u00e9 ao paladar notas de pimenta e menta. Com um final longo e suave onde sobressai a intensidade da pimenta.\u201d \u2013 Notas do J\u00fari da International Wine and Spirits Competition- 2018<\/i><\/span><\/p>\n<p><span style=\"color: #333333;\"><b>Local de Origem:<\/b> Portugal\u00a0 \/ Ilha da Madeira<\/span><\/p>\n<p><span style=\"color: #333333;\"><b>Volume de Alcool [% AbV]:<\/b> 40<\/span><\/p>\n<p><span style=\"color: #333333;\"><b>Informa\u00e7\u00e3o do Fabricante:<\/b> Companhia Nova de Aguardente, Pq Empresarial da Ribeira Brava, Pavilh\u00e3o18, 9350-104 , Madeira, Portugal<\/span><\/p>\n<p><span style=\"color: #333333;\"><b>Avisos:<\/b> Beba com responsabilidade<\/span><\/p>\n<p><span style=\"color: #333333;\"><b>Armazenamento:<\/b> Guardar num local seco e fresco<\/p>\n","protected":false},"excerpt":{"rendered":"<p><span style=\"color: #a79966;\">(Envio Gratuito para Portugal Continental e Ilha da Madeira \/ For now we are only delivering in Portugal Mainland and Madeira Island, if you want to taste it now please <a style=\"color: #a79966;\" href=\"mailto:info@canningsgin.com\">contact us<\/a> at info@canningsgin.com and we&#8217;ll make our absolut best to deliver it to your doorstep!)<\/span><\/p>\n","protected":false},"featured_media":569,"template":"","meta":[],"product_cat":[16],"product_tag":[],"translation":{"provider":"WPGlobus","version":"2.8.11","language":"pt","enabled_languages":["en","pt"],"languages":{"en":{"title":true,"content":true,"excerpt":true},"pt":{"title":false,"content":true,"excerpt":false}}},"_links":{"self":[{"href":"https:\/\/canningsgin.com\/pt\/wp-json\/wp\/v2\/product\/208"}],"collection":[{"href":"https:\/\/canningsgin.com\/pt\/wp-json\/wp\/v2\/product"}],"about":[{"href":"https:\/\/canningsgin.com\/pt\/wp-json\/wp\/v2\/types\/product"}],"wp:featuredmedia":[{"embeddable":true,"href":"https:\/\/canningsgin.com\/pt\/wp-json\/wp\/v2\/media\/569"}],"wp:attachment":[{"href":"https:\/\/canningsgin.com\/pt\/wp-json\/wp\/v2\/media?parent=208"}],"wp:term":[{"taxonomy":"product_cat","embeddable":true,"href":"https:\/\/canningsgin.com\/pt\/wp-json\/wp\/v2\/product_cat?post=208"},{"taxonomy":"product_tag","embeddable":true,"href":"https:\/\/canningsgin.com\/pt\/wp-json\/wp\/v2\/product_tag?post=208"}],"curies":[{"name":"wp","href":"https:\/\/api.w.org\/{rel}","templated":true}]}}